{"id":1412,"date":"2022-12-04T07:44:21","date_gmt":"2022-12-04T07:44:21","guid":{"rendered":"https:\/\/jazzworldquest.com\/florin_raducanu\/?page_id=1412"},"modified":"2022-12-28T11:04:09","modified_gmt":"2022-12-28T11:04:09","slug":"florin-raducanu-classical-jazz-fugue-fantasia-for-piano","status":"publish","type":"page","link":"https:\/\/jazzworldquest.com\/florin_raducanu\/florin-raducanu-classical-jazz-fugue-fantasia-for-piano\/","title":{"rendered":"Florin Raducanu-Classical-Jazz Fugue Fantasia For Piano"},"content":{"rendered":"\n<figure class=\"wp-block-image size-full\"><img data-attachment-id=\"1469\" data-permalink=\"https:\/\/jazzworldquest.com\/florin_raducanu\/ystem32comdlg32-dll-4\/\" data-orig-file=\"https:\/\/jazzworldquest.com\/florin_raducanu\/wp-content\/uploads\/2022\/12\/florin-raducanu-classical-jazz-fantasia-for-piano-final.jpg\" data-orig-size=\"200,259\" data-comments-opened=\"0\" data-image-meta=\"{&quot;aperture&quot;:&quot;0&quot;,&quot;credit&quot;:&quot;sony&quot;,&quot;camera&quot;:&quot;&quot;,&quot;caption&quot;:&quot;&quot;,&quot;created_timestamp&quot;:&quot;0&quot;,&quot;copyright&quot;:&quot;&quot;,&quot;focal_length&quot;:&quot;0&quot;,&quot;iso&quot;:&quot;0&quot;,&quot;shutter_speed&quot;:&quot;0&quot;,&quot;title&quot;:&quot;ystem32comdlg32.dll&quot;,&quot;orientation&quot;:&quot;1&quot;}\" data-image-title=\"florin-raducanu-classical-jazz-fantasia-for-piano\" data-image-description=\"&lt;p&gt;florin-raducanu-classical-jazz-fantasia-for-piano&lt;\/p&gt;\n\" data-medium-file=\"https:\/\/jazzworldquest.com\/florin_raducanu\/wp-content\/uploads\/2022\/12\/florin-raducanu-classical-jazz-fantasia-for-piano-final.jpg\" data-large-file=\"https:\/\/jazzworldquest.com\/florin_raducanu\/wp-content\/uploads\/2022\/12\/florin-raducanu-classical-jazz-fantasia-for-piano-final.jpg\" loading=\"lazy\" width=\"200\" height=\"259\" src=\"https:\/\/jazzworldquest.com\/florin_raducanu\/wp-content\/uploads\/2022\/12\/florin-raducanu-classical-jazz-fantasia-for-piano-final.jpg\" alt=\"florin-raducanu-classical-jazz-fantasia-for-piano\" class=\"wp-image-1469\"\/><\/figure>\n\n\n\n<p><a href=\"https:\/\/www.youtube.com\/watch?v=1IDZwrAMkOE\">Score preview<\/a><\/p>\n\n\n\n<p>&#8220;Classical-Jazz Fugue Fanstasia #2&#8221;, este cea de-a doua Fuga pentru pian care se adreseaz\u0103 at\u00e2t piani\u0219tilor clasici, c\u00e2t celor de factur\u0103 jazz.<br>\u00cen orice caz, elementele de Contrapunct instrumental (bachian), armonia de jazz sau tehnicile componistice din travaliul dezvolt\u0103tor constituie itemi didactici \u00een care compozi\u021bia clasic\u0103 se suprapune pe cea de jazz, elementul comun fiind limbajul improvizatoric (prezent at\u00e2t la Bach, c\u00e2t \u0219i la Gershwin).<br>Ca \u0219i cealat\u0103 &#8220;Jazz Fuga #1&#8221;, aceast\u0103 &#8220;,Fuga Fantasia #2&#8221; se \u00eenscrie pe traseul estetic \u00eenceput de George Gershwin, \u00een\u021beles foarte corect de Maurice Ravel (vezi Sonata \u00een G pentru vioar\u0103 \u0219i pian), Leonard Bernstein sau John Williams \u00een crea\u021bia de simbioz\u0103 classical-jazz.<\/p>\n\n\n\n<p>&#8220;Classical-Jazz Fugue Fanstasia #2&#8221; is the second Piano Fugue addressed to both classical and jazz pianists.<br>In any case, the elements of Instrumental Counterpoint (Bachian), jazz harmony or compositional techniques from the developmental work constitute didactic elements in which classical composition overlaps with jazz, the common element being the improvisational language (present in both Bach and Gershwin).<br>Like the other &#8220;Jazz Fugue #1&#8221;, this &#8220;Fuga Fantasia #2&#8221; follows the aesthetic path started by George Gershwin, very correctly understood by Maurice Ravel (see Sonata in G for violin and piano), Leonard Bernstein or John Williams in the creation of classical-jazz symbiosis.<\/p>\n\n\n\n<p><strong>Florin Raducanu-Classical-Jazz Fugue Fantasia For Piano<\/strong><br>Composer:  Florin Raducanu<br><a href=\"https:\/\/jazzworldquest.com\/florin_raducanu\/classical-jazz-fugue-fantasia-2-preview\/\">Preview<\/a><br>Music score\/Sheet music \/ 12 pages \/ PDF format<br>Price: $12 USD<\/p>\n\n\n\n<p><br>Once your payment is received, you will receive the PDF via email<br>PayPal, Credit cards accepted<\/p>\n\n\n\n<form action=\"https:\/\/www.paypal.com\/cgi-bin\/webscr\" method=\"post\" target=\"_top\">\n<input type=\"hidden\" name=\"cmd\" value=\"_s-xclick\">\n<input type=\"hidden\" name=\"hosted_button_id\" value=\"PUMBRVF5DUV94\">\n<input type=\"image\" src=\"https:\/\/www.paypalobjects.com\/en_US\/i\/btn\/btn_buynowCC_LG.gif\" border=\"0\" name=\"submit\" alt=\"PayPal - The safer, easier way to pay online!\">\n<img loading=\"lazy\" alt=\"\" border=\"0\" src=\"https:\/\/www.paypalobjects.com\/en_US\/i\/scr\/pixel.gif\" width=\"1\" height=\"1\">\n<\/form>\n","protected":false},"excerpt":{"rendered":"<p>Score preview &#8220;Classical-Jazz Fugue Fanstasia #2&#8221;, este cea de-a doua Fuga pentru pian care se adreseaz\u0103 at\u00e2t piani\u0219tilor clasici, c\u00e2t celor de factur\u0103 jazz.\u00cen orice caz, elementele de Contrapunct instrumental <a class=\"more-link\" href=\"https:\/\/jazzworldquest.com\/florin_raducanu\/florin-raducanu-classical-jazz-fugue-fantasia-for-piano\/\">Continue Reading \u2192<\/a><\/p>\n","protected":false},"author":1,"featured_media":0,"parent":0,"menu_order":0,"comment_status":"closed","ping_status":"closed","template":"","meta":{"_monsterinsights_skip_tracking":false,"_monsterinsights_sitenote_active":false,"_monsterinsights_sitenote_note":"","_monsterinsights_sitenote_category":0,"sharing_disabled":false,"spay_email":""},"_links":{"self":[{"href":"https:\/\/jazzworldquest.com\/florin_raducanu\/wp-json\/wp\/v2\/pages\/1412"}],"collection":[{"href":"https:\/\/jazzworldquest.com\/florin_raducanu\/wp-json\/wp\/v2\/pages"}],"about":[{"href":"https:\/\/jazzworldquest.com\/florin_raducanu\/wp-json\/wp\/v2\/types\/page"}],"author":[{"embeddable":true,"href":"https:\/\/jazzworldquest.com\/florin_raducanu\/wp-json\/wp\/v2\/users\/1"}],"replies":[{"embeddable":true,"href":"https:\/\/jazzworldquest.com\/florin_raducanu\/wp-json\/wp\/v2\/comments?post=1412"}],"version-history":[{"count":17,"href":"https:\/\/jazzworldquest.com\/florin_raducanu\/wp-json\/wp\/v2\/pages\/1412\/revisions"}],"predecessor-version":[{"id":1477,"href":"https:\/\/jazzworldquest.com\/florin_raducanu\/wp-json\/wp\/v2\/pages\/1412\/revisions\/1477"}],"wp:attachment":[{"href":"https:\/\/jazzworldquest.com\/florin_raducanu\/wp-json\/wp\/v2\/media?parent=1412"}],"curies":[{"name":"wp","href":"https:\/\/api.w.org\/{rel}","templated":true}]}}